{"id":125575,"date":"2023-02-06T18:25:47","date_gmt":"2023-02-06T17:25:47","guid":{"rendered":"https:\/\/undsgn.com\/uncode\/?page_id=125575"},"modified":"2026-03-16T16:38:59","modified_gmt":"2026-03-16T16:38:59","slug":"shop-cosmetics","status":"publish","type":"page","link":"https:\/\/samuelemoglia.metacomunicazioneadv.it\/?page_id=125575","title":{"rendered":"Involucro"},"content":{"rendered":"<div class=\"wpb-content-wrapper\"><p>[vc_row unlock_row_content=&#8221;yes&#8221; row_height_percent=&#8221;55&#8243; override_padding=&#8221;yes&#8221; h_padding=&#8221;0&#8243; top_padding=&#8221;0&#8243; bottom_padding=&#8221;0&#8243; back_color=&#8221;accent&#8221; overlay_alpha=&#8221;50&#8243; equal_height=&#8221;yes&#8221; gutter_size=&#8221;0&#8243; column_width_percent=&#8221;100&#8243; shift_y=&#8221;0&#8243; z_index=&#8221;0&#8243; content_parallax=&#8221;0&#8243; uncode_shortcode_id=&#8221;435467&#8243; back_color_type=&#8221;uncode-palette&#8221;][vc_column column_width_percent=&#8221;100&#8243; position_vertical=&#8221;middle&#8221; gutter_size=&#8221;3&#8243; override_padding=&#8221;yes&#8221; column_padding=&#8221;4&#8243; style=&#8221;dark&#8221; overlay_alpha=&#8221;50&#8243; shift_x=&#8221;0&#8243; shift_y=&#8221;0&#8243; shift_y_down=&#8221;0&#8243; z_index=&#8221;0&#8243; medium_width=&#8221;0&#8243; mobile_width=&#8221;0&#8243; css_animation=&#8221;bottom-t-top&#8221; animation_delay=&#8221;200&#8243; width=&#8221;1\/2&#8243; uncode_shortcode_id=&#8221;200996&#8243; mobile_height=&#8221;360&#8243;][vc_custom_heading text_size=&#8221;h1&#8243; text_weight=&#8221;500&#8243; text_transform=&#8221;uppercase&#8221; text_uppercase=&#8221;&#8221; text_align=&#8221;text-left&#8221; uncode_shortcode_id=&#8221;160127&#8243;]INVOLUCRO[\/vc_custom_heading][vc_empty_space empty_h=&#8221;3&#8243;][vc_custom_heading heading_semantic=&#8221;h4&#8243; text_size=&#8221;h3&#8243; text_weight=&#8221;500&#8243; text_uppercase=&#8221;&#8221; text_align=&#8221;text-left&#8221; uncode_shortcode_id=&#8221;990301&#8243;]Ponti termici[\/vc_custom_heading][vc_column_text text_color=&#8221;color-xsdn&#8221; uncode_shortcode_id=&#8221;527382&#8243; text_color_type=&#8221;uncode-palette&#8221;]<strong>Nemici invisibili del comfort e del risparmio<\/strong><\/p>\n<p>Anche una casa ben costruita pu\u00f2 avere dei punti deboli dove il calore si disperde pi\u00f9 facilmente.<br \/>\nQueste zone si chiamano ponti termici e si trovano spesso in corrispondenza di angoli, finestre, balconi o elementi strutturali.<\/p>\n<p>Quando sono presenti, la casa perde energia, aumenta il consumo per il riscaldamento e possono comparire condensa e muffe.<\/p>\n<p>Come individuarli<\/p>\n<p>Con la termografia \u00e8 possibile individuare con precisione i punti in cui il calore si disperde e intervenire in modo mirato.<\/p>\n<p><strong>I vantaggi di un intervento corretto<\/strong><\/p>\n<p>\u2714 Riduzione dei consumi energetici<br \/>\n\u2714 Maggiore comfort abitativo<br \/>\n\u2714 Eliminazione di condensa e muffe<br \/>\n\u2714 Aumento del valore dell\u2019immobile<\/p>\n<p>L\u2019Impresa Edile Samuele Moglia realizza interventi di risanamento energetico studiati per migliorare l\u2019efficienza della casa e garantire un comfort duraturo.[\/vc_column_text][\/vc_column][vc_column column_width_percent=&#8221;100&#8243; gutter_size=&#8221;3&#8243; override_padding=&#8221;yes&#8221; column_padding=&#8221;4&#8243; back_color=&#8221;color-xsdn&#8221; back_image=&#8221;139434&#8243; overlay_alpha=&#8221;50&#8243; shift_x=&#8221;0&#8243; shift_y=&#8221;0&#8243; shift_y_down=&#8221;0&#8243; z_index=&#8221;0&#8243; align_medium=&#8221;align_center_tablet&#8221; medium_width=&#8221;0&#8243; align_mobile=&#8221;align_center_mobile&#8221; mobile_width=&#8221;0&#8243; css_animation=&#8221;bottom-t-top&#8221; animation_delay=&#8221;600&#8243; width=&#8221;1\/2&#8243; uncode_shortcode_id=&#8221;933529&#8243; back_color_type=&#8221;uncode-palette&#8221;][\/vc_column][\/vc_row][vc_row unlock_row_content=&#8221;yes&#8221; row_height_percent=&#8221;55&#8243; override_padding=&#8221;yes&#8221; h_padding=&#8221;0&#8243; top_padding=&#8221;0&#8243; bottom_padding=&#8221;0&#8243; overlay_alpha=&#8221;50&#8243; equal_height=&#8221;yes&#8221; gutter_size=&#8221;0&#8243; column_width_percent=&#8221;100&#8243; shift_y=&#8221;0&#8243; z_index=&#8221;0&#8243; content_parallax=&#8221;0&#8243; uncode_shortcode_id=&#8221;200303&#8243;][vc_column column_width_percent=&#8221;100&#8243; gutter_size=&#8221;3&#8243; override_padding=&#8221;yes&#8221; column_padding=&#8221;4&#8243; back_color=&#8221;color-xsdn&#8221; back_image=&#8221;139581&#8243; overlay_alpha=&#8221;50&#8243; shift_x=&#8221;0&#8243; shift_y=&#8221;0&#8243; shift_y_down=&#8221;0&#8243; z_index=&#8221;0&#8243; align_medium=&#8221;align_center_tablet&#8221; medium_width=&#8221;0&#8243; align_mobile=&#8221;align_center_mobile&#8221; mobile_width=&#8221;0&#8243; css_animation=&#8221;bottom-t-top&#8221; animation_delay=&#8221;600&#8243; width=&#8221;1\/2&#8243; uncode_shortcode_id=&#8221;180802&#8243; back_color_type=&#8221;uncode-palette&#8221;][\/vc_column][vc_column column_width_percent=&#8221;100&#8243; position_vertical=&#8221;middle&#8221; gutter_size=&#8221;3&#8243; override_padding=&#8221;yes&#8221; column_padding=&#8221;4&#8243; overlay_alpha=&#8221;50&#8243; shift_x=&#8221;0&#8243; shift_y=&#8221;0&#8243; shift_y_down=&#8221;0&#8243; z_index=&#8221;0&#8243; medium_width=&#8221;0&#8243; mobile_width=&#8221;0&#8243; css_animation=&#8221;bottom-t-top&#8221; animation_delay=&#8221;200&#8243; width=&#8221;1\/2&#8243; uncode_shortcode_id=&#8221;867122&#8243; mobile_height=&#8221;360&#8243;][vc_custom_heading text_size=&#8221;h1&#8243; text_weight=&#8221;500&#8243; text_transform=&#8221;uppercase&#8221; text_uppercase=&#8221;&#8221; text_align=&#8221;text-left&#8221; uncode_shortcode_id=&#8221;880269&#8243;]CAPPOTTO TERMICO[\/vc_custom_heading][vc_empty_space empty_h=&#8221;3&#8243;][vc_custom_heading heading_semantic=&#8221;h4&#8243; text_size=&#8221;h3&#8243; text_weight=&#8221;500&#8243; text_uppercase=&#8221;&#8221; text_align=&#8221;text-left&#8221; uncode_shortcode_id=&#8221;201826&#8243;]Comfort e risparmio in ogni stagione[\/vc_custom_heading][vc_column_text uncode_shortcode_id=&#8221;121843&#8243;]Il cappotto termico \u00e8 uno dei sistemi pi\u00f9 efficaci per migliorare l\u2019efficienza energetica della casa.<br \/>\nSi tratta di un rivestimento isolante applicato sulle pareti esterne che protegge l\u2019edificio dal freddo in inverno e dal caldo in estate.<\/p>\n<p>Il risultato \u00e8 una casa pi\u00f9 confortevole e con consumi energetici pi\u00f9 contenuti.<\/p>\n<p><strong>I principali vantaggi<\/strong><\/p>\n<p><strong>\u2714 Riduzione dei consumi energetici<\/strong><br \/>\nMinori dispersioni di calore e bollette pi\u00f9 basse.<\/p>\n<p><strong>\u2714 Maggiore comfort abitativo<\/strong><br \/>\nTemperature pi\u00f9 stabili durante tutto l\u2019anno.<\/p>\n<p><strong>\u2714 Ambienti pi\u00f9 sani<\/strong><br \/>\nRiduzione di condensa, umidit\u00e0 e muffe.<\/p>\n<p><strong>\u2714 Valorizzazione dell\u2019immobile<\/strong><br \/>\nUn edificio ben isolato acquista valore nel tempo.<\/p>\n<p>&nbsp;<\/p>\n<p><strong>Una soluzione su misura<\/strong><\/p>\n<p>Ogni edificio ha caratteristiche diverse.<br \/>\nPer questo il sistema di isolamento deve essere progettato in base alla struttura dell\u2019immobile, al clima e agli obiettivi energetici.<\/p>\n<p>L\u2019Impresa Edile Samuele Moglia realizza sistemi di isolamento a cappotto utilizzando materiali certificati e tecniche di posa professionali, garantendo risultati duraturi ed efficienti.[\/vc_column_text][\/vc_column][\/vc_row][vc_row row_height_percent=&#8221;0&#8243; back_color=&#8221;accent&#8221; overlay_alpha=&#8221;50&#8243; gutter_size=&#8221;3&#8243; column_width_percent=&#8221;100&#8243; shift_y=&#8221;0&#8243; z_index=&#8221;0&#8243; content_parallax=&#8221;0&#8243; uncode_shortcode_id=&#8221;163739&#8243; back_color_type=&#8221;uncode-palette&#8221;][vc_column column_width_percent=&#8221;100&#8243; gutter_size=&#8221;3&#8243; overlay_alpha=&#8221;50&#8243; shift_x=&#8221;0&#8243; shift_y=&#8221;0&#8243; shift_y_down=&#8221;0&#8243; z_index=&#8221;0&#8243; medium_width=&#8221;0&#8243; mobile_width=&#8221;0&#8243; width=&#8221;1\/1&#8243; uncode_shortcode_id=&#8221;117298&#8243;][vc_gallery el_id=&#8221;gallery-149464&#8243; type=&#8221;carousel&#8221; medias=&#8221;139431,139430,138549,138496&#8243; carousel_lg=&#8221;4&#8243; carousel_md=&#8221;3&#8243; carousel_sm=&#8221;1&#8243; thumb_size=&#8221;one-one&#8221; gutter_size=&#8221;3&#8243; carousel_interval=&#8221;3000&#8243; carousel_navspeed=&#8221;400&#8243; stage_padding=&#8221;0&#8243; single_overlay_opacity=&#8221;50&#8243; single_padding=&#8221;2&#8243; uncode_shortcode_id=&#8221;142519&#8243;][\/vc_column][\/vc_row][vc_row row_height_percent=&#8221;0&#8243; override_padding=&#8221;yes&#8221; h_padding=&#8221;2&#8243; top_padding=&#8221;4&#8243; bottom_padding=&#8221;4&#8243; overlay_alpha=&#8221;50&#8243; gutter_size=&#8221;3&#8243; column_width_percent=&#8221;100&#8243; shift_y=&#8221;0&#8243; z_index=&#8221;0&#8243; content_parallax=&#8221;0&#8243; uncode_shortcode_id=&#8221;134350&#8243; back_color_type=&#8221;uncode-solid&#8221; back_color_solid=&#8221;#ed7913&#8243;][vc_column column_width_percent=&#8221;100&#8243; gutter_size=&#8221;3&#8243; overlay_alpha=&#8221;50&#8243; shift_x=&#8221;0&#8243; shift_y=&#8221;0&#8243; shift_y_down=&#8221;0&#8243; z_index=&#8221;0&#8243; medium_width=&#8221;0&#8243; mobile_width=&#8221;0&#8243; width=&#8221;1\/1&#8243; uncode_shortcode_id=&#8221;184626&#8243;][uncode_vertical_text text_align=&#8221;top&#8221; vertical_text_h_pos=&#8221;-3&#8243; vertical_text_v_pos=&#8221;0&#8243; z_index=&#8221;0&#8243; text_weight=&#8221;500&#8243; text_transform=&#8221;uppercase&#8221; text_color=&#8221;color-xsdn&#8221; medium_visibility=&#8221;yes&#8221; mobile_visibility=&#8221;yes&#8221; uncode_shortcode_id=&#8221;685027&#8243; text_color_type=&#8221;uncode-palette&#8221;]CONTATTATCI SUBITO[\/uncode_vertical_text][vc_row_inner row_inner_height_percent=&#8221;0&#8243; overlay_alpha=&#8221;50&#8243; gutter_size=&#8221;4&#8243; shift_y=&#8221;0&#8243; z_index=&#8221;0&#8243; limit_content=&#8221;&#8221;][vc_column_inner column_width_percent=&#8221;100&#8243; gutter_size=&#8221;2&#8243; style=&#8221;dark&#8221; overlay_alpha=&#8221;50&#8243; shift_x=&#8221;0&#8243; shift_y=&#8221;0&#8243; shift_y_down=&#8221;0&#8243; z_index=&#8221;0&#8243; medium_width=&#8221;0&#8243; mobile_width=&#8221;0&#8243; width=&#8221;1\/2&#8243; uncode_shortcode_id=&#8221;122362&#8243;][vc_custom_heading text_color=&#8221;color-xsdn&#8221; heading_semantic=&#8221;h4&#8243; text_size=&#8221;&#8221; text_weight=&#8221;500&#8243; uncode_shortcode_id=&#8221;753139&#8243; text_color_type=&#8221;uncode-palette&#8221;]Sopralluogo gratuito e preventivo personalizzato!<\/p>\n<p>Insieme, possiamo rendere la tua casa pi\u00f9 efficiente, confortevole e sostenibile.<\/p>\n<hr \/>\n<p>[\/vc_custom_heading][\/vc_column_inner][vc_column_inner column_width_percent=&#8221;100&#8243; gutter_size=&#8221;3&#8243; override_padding=&#8221;yes&#8221; column_padding=&#8221;3&#8243; style=&#8221;dark&#8221; overlay_alpha=&#8221;50&#8243; shift_x=&#8221;0&#8243; shift_y=&#8221;0&#8243; shift_y_down=&#8221;0&#8243; z_index=&#8221;0&#8243; medium_visibility=&#8221;yes&#8221; medium_width=&#8221;0&#8243; mobile_visibility=&#8221;yes&#8221; mobile_width=&#8221;0&#8243; width=&#8221;1\/2&#8243; uncode_shortcode_id=&#8221;256661&#8243;][vc_custom_heading heading_semantic=&#8221;h3&#8243; text_size=&#8221;h5&#8243; text_weight=&#8221;300&#8243; uncode_shortcode_id=&#8221;619698&#8243;]L&#8217;Impresa Edile Samuele Moglia \u00e8 specializzata nell&#8217;isolamento di edifici civili.[\/vc_custom_heading][\/vc_column_inner][\/vc_row_inner][\/vc_column][\/vc_row]<\/p>\n<\/div>","protected":false},"excerpt":{"rendered":"<p>[vc_row unlock_row_content=&#8221;yes&#8221; row_height_percent=&#8221;55&#8243; override_padding=&#8221;yes&#8221; h_padding=&#8221;0&#8243; top_padding=&#8221;0&#8243; bottom_padding=&#8221;0&#8243; back_color=&#8221;accent&#8221; overlay_alpha=&#8221;50&#8243; equal_height=&#8221;yes&#8221; gutter_size=&#8221;0&#8243; column_width_percent=&#8221;100&#8243; shift_y=&#8221;0&#8243; z_index=&#8221;0&#8243; content_parallax=&#8221;0&#8243; uncode_shortcode_id=&#8221;435467&#8243; back_color_type=&#8221;uncode-palette&#8221;][vc_column column_width_percent=&#8221;100&#8243; position_vertical=&#8221;middle&#8221; gutter_size=&#8221;3&#8243; [&hellip;]<\/p>\n","protected":false},"author":1,"featured_media":0,"parent":0,"menu_order":0,"comment_status":"closed","ping_status":"closed","template":"","meta":{"footnotes":""},"class_list":["post-125575","page","type-page","status-publish","hentry"],"_links":{"self":[{"href":"https:\/\/samuelemoglia.metacomunicazioneadv.it\/index.php?rest_route=\/wp\/v2\/pages\/125575","targetHints":{"allow":["GET"]}}],"collection":[{"href":"https:\/\/samuelemoglia.metacomunicazioneadv.it\/index.php?rest_route=\/wp\/v2\/pages"}],"about":[{"href":"https:\/\/samuelemoglia.metacomunicazioneadv.it\/index.php?rest_route=\/wp\/v2\/types\/page"}],"author":[{"embeddable":true,"href":"https:\/\/samuelemoglia.metacomunicazioneadv.it\/index.php?rest_route=\/wp\/v2\/users\/1"}],"replies":[{"embeddable":true,"href":"https:\/\/samuelemoglia.metacomunicazioneadv.it\/index.php?rest_route=%2Fwp%2Fv2%2Fcomments&post=125575"}],"version-history":[{"count":13,"href":"https:\/\/samuelemoglia.metacomunicazioneadv.it\/index.php?rest_route=\/wp\/v2\/pages\/125575\/revisions"}],"predecessor-version":[{"id":139580,"href":"https:\/\/samuelemoglia.metacomunicazioneadv.it\/index.php?rest_route=\/wp\/v2\/pages\/125575\/revisions\/139580"}],"wp:attachment":[{"href":"https:\/\/samuelemoglia.metacomunicazioneadv.it\/index.php?rest_route=%2Fwp%2Fv2%2Fmedia&parent=125575"}],"curies":[{"name":"wp","href":"https:\/\/api.w.org\/{rel}","templated":true}]}}