{"id":139537,"date":"2025-09-10T14:04:02","date_gmt":"2025-09-10T14:04:02","guid":{"rendered":"https:\/\/samuelemoglia.metacomunicazioneadv.it\/?page_id=139537"},"modified":"2026-03-17T08:37:31","modified_gmt":"2026-03-17T08:37:31","slug":"chi-siamo","status":"publish","type":"page","link":"https:\/\/samuelemoglia.metacomunicazioneadv.it\/?page_id=139537","title":{"rendered":"Chi siamo"},"content":{"rendered":"<div class=\"wpb-content-wrapper\"><p>[vc_row row_height_percent=&#8221;40&#8243; back_color=&#8221;color-wayh&#8221; back_image=&#8221;138584&#8243; back_position=&#8221;center bottom&#8221; parallax=&#8221;yes&#8221; kburns=&#8221;zoom&#8221; overlay_color=&#8221;color-wayh&#8221; overlay_alpha=&#8221;35&#8243; gutter_size=&#8221;3&#8243; column_width_percent=&#8221;100&#8243; shift_y=&#8221;0&#8243; z_index=&#8221;0&#8243; top_divider=&#8221;gradient&#8221; content_parallax=&#8221;0&#8243; uncode_shortcode_id=&#8221;366686&#8243; back_color_type=&#8221;uncode-palette&#8221; overlay_color_type=&#8221;uncode-palette&#8221;][vc_column column_width_percent=&#8221;100&#8243; align_horizontal=&#8221;align_center&#8221; gutter_size=&#8221;2&#8243; style=&#8221;dark&#8221; back_image=&#8221;138152&#8243; overlay_alpha=&#8221;50&#8243; shift_x=&#8221;0&#8243; shift_y=&#8221;0&#8243; shift_y_down=&#8221;0&#8243; z_index=&#8221;0&#8243; medium_width=&#8221;0&#8243; mobile_width=&#8221;0&#8243; width=&#8221;1\/1&#8243; uncode_shortcode_id=&#8221;180560&#8243;][vc_custom_heading heading_semantic=&#8221;h5&#8243; text_size=&#8221;fontsize-160000&#8243; text_transform=&#8221;uppercase&#8221; text_space=&#8221;fontspace-135905&#8243; uncode_shortcode_id=&#8221;109156&#8243;]Il valore della famiglia<\/p>\n<p>[\/vc_custom_heading][vc_custom_heading heading_semantic=&#8221;h1&#8243; text_size=&#8221;&#8221; text_transform=&#8221;uppercase&#8221; uncode_shortcode_id=&#8221;985538&#8243;]Direttamente dal Costruttore al Cliente<\/p>\n<p>[\/vc_custom_heading][vc_empty_space empty_h=&#8221;2&#8243;][\/vc_column][\/vc_row][vc_row row_height_percent=&#8221;0&#8243; override_padding=&#8221;yes&#8221; h_padding=&#8221;2&#8243; top_padding=&#8221;5&#8243; bottom_padding=&#8221;5&#8243; back_color=&#8221;color-lxmt&#8221; overlay_alpha=&#8221;50&#8243; equal_height=&#8221;yes&#8221; gutter_size=&#8221;4&#8243; column_width_percent=&#8221;100&#8243; shift_y=&#8221;0&#8243; z_index=&#8221;0&#8243; uncode_shortcode_id=&#8221;196549&#8243; back_color_type=&#8221;uncode-palette&#8221;][vc_column column_width_percent=&#8221;100&#8243; gutter_size=&#8221;2&#8243; override_padding=&#8221;yes&#8221; column_padding=&#8221;2&#8243; font_family=&#8221;font-846016&#8243; overlay_alpha=&#8221;50&#8243; border_style=&#8221;solid&#8221; preserve_border=&#8221;yes&#8221; preserve_border_tablet=&#8221;yes&#8221; shift_x=&#8221;0&#8243; shift_y=&#8221;0&#8243; shift_y_down=&#8221;0&#8243; z_index=&#8221;0&#8243; medium_width=&#8221;0&#8243; mobile_width=&#8221;0&#8243; width=&#8221;1\/3&#8243; css=&#8221;.vc_custom_1714637886388{border-left-width: 2px !important;padding-top: 0px !important;padding-right: 0px !important;padding-bottom: 0px !important;}&#8221; uncode_shortcode_id=&#8221;711740&#8243; border_color_type=&#8221;uncode-solid&#8221; border_color_solid=&#8221;#079b00&#8243;][vc_custom_heading text_color=&#8221;color-wvjs&#8221; heading_semantic=&#8221;h5&#8243; text_size=&#8221;fontsize-160000&#8243; text_transform=&#8221;uppercase&#8221; text_space=&#8221;fontspace-135905&#8243; uncode_shortcode_id=&#8221;152542&#8243; text_color_type=&#8221;uncode-palette&#8221;]Il Valore<\/p>\n<p>[\/vc_custom_heading][vc_custom_heading text_font=&#8221;font-846016&#8243; uncode_shortcode_id=&#8221;107753&#8243;]La Famiglia<\/p>\n<p>[\/vc_custom_heading][vc_column_text uncode_shortcode_id=&#8221;400098&#8243;]Oggi, consegnando le chiavi di una nostra casa, offriamo ai nostri clienti il massimo dell&#8217;edilizia moderna: un bene di valore, confortevole e pensato per durare. Un&#8217;abitazione in cui costruire serenamente il proprio futuro e quello della propria famiglia, dove vivere tutte le emozioni di una vita in un ambiente sicuro e di alta qualit\u00e0.[\/vc_column_text][\/vc_column][vc_column column_width_percent=&#8221;100&#8243; gutter_size=&#8221;2&#8243; override_padding=&#8221;yes&#8221; column_padding=&#8221;2&#8243; overlay_alpha=&#8221;50&#8243; border_style=&#8221;solid&#8221; preserve_border=&#8221;yes&#8221; preserve_border_tablet=&#8221;yes&#8221; shift_x=&#8221;0&#8243; shift_y=&#8221;0&#8243; shift_y_down=&#8221;0&#8243; z_index=&#8221;0&#8243; medium_width=&#8221;0&#8243; mobile_width=&#8221;0&#8243; width=&#8221;1\/3&#8243; css=&#8221;.vc_custom_1773736303219{border-left-width: 2px !important;padding-top: 0px !important;padding-right: 0px !important;padding-bottom: 0px !important;}&#8221; uncode_shortcode_id=&#8221;133768&#8243; border_color_type=&#8221;uncode-solid&#8221; border_color_solid=&#8221;#079b00&#8243;][vc_custom_heading text_color=&#8221;color-wvjs&#8221; heading_semantic=&#8221;h5&#8243; text_size=&#8221;fontsize-160000&#8243; text_transform=&#8221;uppercase&#8221; text_space=&#8221;fontspace-135905&#8243; uncode_shortcode_id=&#8221;151330&#8243; text_color_type=&#8221;uncode-palette&#8221;]Storia e Passione<\/p>\n<p>[\/vc_custom_heading][vc_custom_heading text_font=&#8221;font-846016&#8243; uncode_shortcode_id=&#8221;161732&#8243;]La Nascita di Impresa Moglia<\/p>\n<p>&nbsp;<\/p>\n<p>[\/vc_custom_heading][vc_column_text uncode_shortcode_id=&#8221;183520&#8243;]L&#8217;impresa edile Moglia nasce nel 1995 dalla passione di Samuele Moglia per l&#8217;antico mestiere del muratore. Lasciando un lavoro pi\u00f9 convenzionale, Samuele ha scelto di tornare a &#8220;sporcarsi le mani&#8221;, animato dal desiderio di creare qualcosa di tangibile e duraturo. Con il suo ingegno e la sua manualit\u00e0, ha dato vita a costruzioni destinate a rimanere belle e solide nel tempo. In oltre 25 anni di attivit\u00e0, la nostra impresa si \u00e8 distinta per impegno, cura e attenzione verso il cliente, raggiungendo traguardi importanti come essere la prima azienda a certificare una <b>CasaClima\u00ae<\/b> a Piacenza, un evento celebrato dalle autorit\u00e0 e documentato su &#8220;Il Sole 24 ORE&#8221;. Nel 2020, abbiamo anche ottenuto la certificazione SOA, che attesta la nostra idoneit\u00e0 a partecipare a progetti di appalto pubblici, a riprova della nostra solidit\u00e0 tecnica ed economica.<\/p>\n<p>[\/vc_column_text][\/vc_column][vc_column column_width_percent=&#8221;100&#8243; gutter_size=&#8221;2&#8243; override_padding=&#8221;yes&#8221; column_padding=&#8221;2&#8243; font_family=&#8221;font-846016&#8243; overlay_alpha=&#8221;50&#8243; border_style=&#8221;solid&#8221; preserve_border=&#8221;yes&#8221; preserve_border_tablet=&#8221;yes&#8221; shift_x=&#8221;0&#8243; shift_y=&#8221;0&#8243; shift_y_down=&#8221;0&#8243; z_index=&#8221;0&#8243; medium_width=&#8221;0&#8243; mobile_width=&#8221;0&#8243; width=&#8221;1\/3&#8243; css=&#8221;.vc_custom_1714637875558{border-left-width: 2px !important;padding-top: 0px !important;padding-right: 0px !important;padding-bottom: 0px !important;}&#8221; uncode_shortcode_id=&#8221;188055&#8243; border_color_type=&#8221;uncode-solid&#8221; border_color_solid=&#8221;#079b00&#8243;][vc_custom_heading text_color=&#8221;color-wvjs&#8221; heading_semantic=&#8221;h5&#8243; text_size=&#8221;fontsize-160000&#8243; text_transform=&#8221;uppercase&#8221; text_space=&#8221;fontspace-135905&#8243; uncode_shortcode_id=&#8221;717014&#8243; text_color_type=&#8221;uncode-palette&#8221;]Costruire per il Futuro<\/p>\n<p>&nbsp;<\/p>\n<p>[\/vc_custom_heading][vc_custom_heading text_font=&#8221;font-846016&#8243; uncode_shortcode_id=&#8221;557347&#8243;]Sostenibilit\u00e0 e Risparmio<\/p>\n<p>[\/vc_custom_heading][vc_column_text uncode_shortcode_id=&#8221;488394&#8243;]La nostra filosofia si fonda su una particolare attenzione ai <b>consumi energetici<\/b> e all&#8217;<b>impatto ambientale<\/b>. Abbiamo integrato le tecnologie pi\u00f9 avanzate per realizzare abitazioni passive e autonome, spesso senza allaccio del gas, ma dotate di impianti solari e fotovoltaici e sistemi di riciclo delle acque. Parallelamente, ci siamo specializzati nel <b>risanamento di edifici esistenti<\/b>, risolvendo problemi comuni come dispersioni termiche e muffe, e ristrutturando balconi e terrazzi per migliorare comfort e qualit\u00e0.[\/vc_column_text][\/vc_column][\/vc_row][vc_row unlock_row_content=&#8221;yes&#8221; row_height_percent=&#8221;0&#8243; override_padding=&#8221;yes&#8221; h_padding=&#8221;0&#8243; top_padding=&#8221;0&#8243; bottom_padding=&#8221;0&#8243; overlay_alpha=&#8221;50&#8243; gutter_size=&#8221;4&#8243; column_width_percent=&#8221;100&#8243; shift_y=&#8221;0&#8243; z_index=&#8221;0&#8243; content_parallax=&#8221;0&#8243; uncode_shortcode_id=&#8221;382445&#8243; back_color_type=&#8221;uncode-solid&#8221; back_color_solid=&#8221;#079b00&#8243;][vc_column column_width_use_pixel=&#8221;yes&#8221; position_vertical=&#8221;middle&#8221; align_horizontal=&#8221;align_center&#8221; gutter_size=&#8221;4&#8243; override_padding=&#8221;yes&#8221; column_padding=&#8221;3&#8243; style=&#8221;dark&#8221; overlay_alpha=&#8221;50&#8243; shift_x=&#8221;0&#8243; shift_y=&#8221;0&#8243; shift_y_down=&#8221;0&#8243; z_index=&#8221;0&#8243; medium_width=&#8221;0&#8243; mobile_width=&#8221;0&#8243; width=&#8221;1\/3&#8243; column_width_pixel=&#8221;1000&#8243; uncode_shortcode_id=&#8221;933970&#8243;][vc_custom_heading heading_semantic=&#8221;h4&#8243; text_font=&#8221;font-846016&#8243; text_size=&#8221;fontsize-155944&#8243; text_weight=&#8221;400&#8243; uncode_shortcode_id=&#8221;179550&#8243;]Per ogni fase del lavoro, Impresa Moglia<br \/>\nmette a disposizione<br \/>\nun <b>parco macchine e attrezzature all&#8217;avanguardia<\/b>,<br \/>\ngarantendo efficienza, precisione<br \/>\ne sicurezza in ogni cantiere.<\/p>\n<p>[\/vc_custom_heading][vc_gallery el_id=&#8221;gallery-175123&#8243; type=&#8221;carousel&#8221; medias=&#8221;139542,139595,139597&#8243; carousel_lg=&#8221;2&#8243; carousel_md=&#8221;3&#8243; carousel_sm=&#8221;1&#8243; thumb_size=&#8221;one-one&#8221; gutter_size=&#8221;3&#8243; carousel_interval=&#8221;3000&#8243; carousel_navspeed=&#8221;400&#8243; stage_padding=&#8221;0&#8243; single_overlay_opacity=&#8221;50&#8243; single_padding=&#8221;2&#8243; uncode_shortcode_id=&#8221;194820&#8243;][\/vc_column][vc_column column_width_percent=&#8221;100&#8243; gutter_size=&#8221;3&#8243; expand_height=&#8221;yes&#8221; back_image=&#8221;139544&#8243; overlay_alpha=&#8221;50&#8243; shift_x=&#8221;0&#8243; shift_y=&#8221;0&#8243; shift_y_down=&#8221;0&#8243; z_index=&#8221;0&#8243; medium_width=&#8221;0&#8243; mobile_width=&#8221;0&#8243; width=&#8221;2\/3&#8243; uncode_shortcode_id=&#8221;145379&#8243;][\/vc_column][\/vc_row][vc_row][vc_column column_width_percent=&#8221;100&#8243; gutter_size=&#8221;3&#8243; overlay_alpha=&#8221;50&#8243; shift_x=&#8221;0&#8243; shift_y=&#8221;0&#8243; shift_y_down=&#8221;0&#8243; z_index=&#8221;0&#8243; medium_width=&#8221;0&#8243; mobile_width=&#8221;0&#8243; width=&#8221;1\/3&#8243; uncode_shortcode_id=&#8221;667566&#8243;][vc_icon icon=&#8221;fa fa-circle-compass&#8221; icon_color=&#8221;color-wvjs&#8221; size=&#8221;fa-3x&#8221; text_size=&#8221;&#8221; uncode_shortcode_id=&#8221;877543&#8243; icon_color_type=&#8221;uncode-palette&#8221;][\/vc_icon][vc_custom_heading heading_semantic=&#8221;h3&#8243; text_font=&#8221;font-469684&#8243; text_weight=&#8221;500&#8243; text_transform=&#8221;capitalize&#8221; uncode_shortcode_id=&#8221;767980&#8243;]Progettazione<br \/>\ne Realizzazione del Nuovo[\/vc_custom_heading][vc_column_text uncode_shortcode_id=&#8221;103656&#8243;]Un team di esperti a tua disposizione per consigliarti e guidarti nella scelta delle soluzioni migliori per le tue esigenze.<br \/>\nMassima competenza e aggiornamento continuo sulle normative e le tecniche costruttive pi\u00f9 innovative.[\/vc_column_text][vc_empty_space][vc_icon icon=&#8221;fa fa-thermometer-1&#8243; icon_color=&#8221;color-wvjs&#8221; size=&#8221;fa-3x&#8221; uncode_shortcode_id=&#8221;111868&#8243; icon_color_type=&#8221;uncode-palette&#8221;][\/vc_icon][vc_custom_heading heading_semantic=&#8221;h3&#8243; text_font=&#8221;font-469684&#8243; text_weight=&#8221;500&#8243; text_transform=&#8221;capitalize&#8221; uncode_shortcode_id=&#8221;553980&#8243;]Sistema Cappotto<\/p>\n<p>&nbsp;<\/p>\n<p>[\/vc_custom_heading][vc_column_text uncode_shortcode_id=&#8221;196760&#8243;]Realizza cappotti isolanti garantiti, che offrono una soluzione completa per migliorare il comfort e l&#8217;efficienza della tua casa. Correggiamo i ponti termici e riduciamo drasticamente i costi di riscaldamento, eliminando definitivamente problemi di muffa e umidit\u00e0 per un benessere abitativo superiore.<\/p>\n<p>[\/vc_column_text][\/vc_column][vc_column width=&#8221;1\/3&#8243;][vc_icon icon=&#8221;fa fa-home3&#8243; icon_color=&#8221;color-wvjs&#8221; size=&#8221;fa-3x&#8221; uncode_shortcode_id=&#8221;118558&#8243; icon_color_type=&#8221;uncode-palette&#8221;][\/vc_icon][vc_custom_heading heading_semantic=&#8221;h3&#8243; text_font=&#8221;font-469684&#8243; text_weight=&#8221;500&#8243; text_transform=&#8221;capitalize&#8221; uncode_shortcode_id=&#8221;171942&#8243;]Ristrutturazione<br \/>\n&amp; Manutenzione[\/vc_custom_heading][vc_column_text uncode_shortcode_id=&#8221;183829&#8243;]Interventi completi di ristrutturazione dagli ambienti interni ai rivestimenti esterni.<br \/>\nManutenzione ordinaria e straordinaria per mantenere la tua casa sempre in perfetta efficienza.<br \/>\nRealizzazioni di alta qualit\u00e0, curate nei minimi dettagli.[\/vc_column_text][vc_empty_space][vc_icon icon=&#8221;fa fa-key2&#8243; icon_color=&#8221;color-wvjs&#8221; size=&#8221;fa-3x&#8221; text_size=&#8221;&#8221; uncode_shortcode_id=&#8221;508234&#8243; icon_color_type=&#8221;uncode-palette&#8221;][\/vc_icon][vc_custom_heading heading_semantic=&#8221;h3&#8243; text_font=&#8221;font-469684&#8243; text_weight=&#8221;500&#8243; text_transform=&#8221;capitalize&#8221; uncode_shortcode_id=&#8221;726062&#8243;]Soluzioni<br \/>\nChiavi in Mano[\/vc_custom_heading][vc_column_text uncode_shortcode_id=&#8221;436969&#8243;]Un servizio completo che ti libera da ogni preoccupazione, dalla progettazione alla realizzazione finale.<br \/>\nUn unico interlocutore per gestire tutte le fasi del progetto, con massima trasparenza e puntualit\u00e0.<br \/>\nLa tranquillit\u00e0 di avere tutto sotto controllo e di goderti la tua nuova casa senza stress.[\/vc_column_text][\/vc_column][vc_column width=&#8221;1\/3&#8243;][vc_icon icon=&#8221;fa fa-recycle2&#8243; icon_color=&#8221;color-wvjs&#8221; size=&#8221;fa-3x&#8221; uncode_shortcode_id=&#8221;138573&#8243; icon_color_type=&#8221;uncode-palette&#8221;][\/vc_icon][vc_custom_heading heading_semantic=&#8221;h3&#8243; text_font=&#8221;font-469684&#8243; text_weight=&#8221;500&#8243; text_transform=&#8221;capitalize&#8221; uncode_shortcode_id=&#8221;114010&#8243;]Attenzione al Consumo Energetico<\/p>\n<p>[\/vc_custom_heading][vc_column_text uncode_shortcode_id=&#8221;970111&#8243;]L&#8217;ambiente \u00e8 fondamentale. Valutare il consumo e l&#8217;impatto ambientale della tua futura casa \u00e8 uno dei nostri punti di forza, un impegno concreto per offrirti abitazioni che uniscono il massimo comfort con la responsabilit\u00e0 ecologica e un risparmio economico.<\/p>\n<p>[\/vc_column_text][vc_empty_space][vc_icon icon=&#8221;fa fa-sun-o&#8221; icon_color=&#8221;color-wvjs&#8221; size=&#8221;fa-3x&#8221; uncode_shortcode_id=&#8221;923019&#8243; icon_color_type=&#8221;uncode-palette&#8221;][\/vc_icon][vc_custom_heading heading_semantic=&#8221;h3&#8243; text_font=&#8221;font-469684&#8243; text_weight=&#8221;500&#8243; text_transform=&#8221;capitalize&#8221; uncode_shortcode_id=&#8221;106956&#8243;]Rifacimento Tetto[\/vc_custom_heading][vc_column_text uncode_shortcode_id=&#8221;205801&#8243;]Siamo specializzati nel <b>risanamento di tetti esistenti<\/b>, sia in cemento che in legno. Ristrutturiamo ogni copertura per renderla <b>perfettamente isolata<\/b> secondo le direttive di <b>CasaClima\u00ae<\/b>, garantendo un miglioramento del comfort e una riduzione dei costi di riscaldamento.<\/p>\n<p>[\/vc_column_text][\/vc_column][\/vc_row]<\/p>\n<\/div>","protected":false},"excerpt":{"rendered":"<p>[vc_row row_height_percent=&#8221;40&#8243; back_color=&#8221;color-wayh&#8221; back_image=&#8221;138584&#8243; back_position=&#8221;center bottom&#8221; parallax=&#8221;yes&#8221; kburns=&#8221;zoom&#8221; overlay_color=&#8221;color-wayh&#8221; overlay_alpha=&#8221;35&#8243; gutter_size=&#8221;3&#8243; column_width_percent=&#8221;100&#8243; shift_y=&#8221;0&#8243; z_index=&#8221;0&#8243; top_divider=&#8221;gradient&#8221; content_parallax=&#8221;0&#8243; uncode_shortcode_id=&#8221;366686&#8243; back_color_type=&#8221;uncode-palette&#8221; overlay_color_type=&#8221;uncode-palette&#8221;][vc_column column_width_percent=&#8221;100&#8243; [&hellip;]<\/p>\n","protected":false},"author":1,"featured_media":0,"parent":0,"menu_order":0,"comment_status":"closed","ping_status":"closed","template":"","meta":{"footnotes":""},"class_list":["post-139537","page","type-page","status-publish","hentry"],"_links":{"self":[{"href":"https:\/\/samuelemoglia.metacomunicazioneadv.it\/index.php?rest_route=\/wp\/v2\/pages\/139537","targetHints":{"allow":["GET"]}}],"collection":[{"href":"https:\/\/samuelemoglia.metacomunicazioneadv.it\/index.php?rest_route=\/wp\/v2\/pages"}],"about":[{"href":"https:\/\/samuelemoglia.metacomunicazioneadv.it\/index.php?rest_route=\/wp\/v2\/types\/page"}],"author":[{"embeddable":true,"href":"https:\/\/samuelemoglia.metacomunicazioneadv.it\/index.php?rest_route=\/wp\/v2\/users\/1"}],"replies":[{"embeddable":true,"href":"https:\/\/samuelemoglia.metacomunicazioneadv.it\/index.php?rest_route=%2Fwp%2Fv2%2Fcomments&post=139537"}],"version-history":[{"count":9,"href":"https:\/\/samuelemoglia.metacomunicazioneadv.it\/index.php?rest_route=\/wp\/v2\/pages\/139537\/revisions"}],"predecessor-version":[{"id":139829,"href":"https:\/\/samuelemoglia.metacomunicazioneadv.it\/index.php?rest_route=\/wp\/v2\/pages\/139537\/revisions\/139829"}],"wp:attachment":[{"href":"https:\/\/samuelemoglia.metacomunicazioneadv.it\/index.php?rest_route=%2Fwp%2Fv2%2Fmedia&parent=139537"}],"curies":[{"name":"wp","href":"https:\/\/api.w.org\/{rel}","templated":true}]}}