{"id":88580,"date":"2021-03-18T14:13:41","date_gmt":"2021-03-18T13:13:41","guid":{"rendered":"https:\/\/undsgn.com\/uncode\/?page_id=88580"},"modified":"2026-03-16T14:13:45","modified_gmt":"2026-03-16T14:13:45","slug":"about-business","status":"publish","type":"page","link":"https:\/\/samuelemoglia.metacomunicazioneadv.it\/?page_id=88580","title":{"rendered":"CasaClima"},"content":{"rendered":"<div class=\"wpb-content-wrapper\"><p>[vc_row row_height_percent=&#8221;75&#8243; back_image=&#8221;138148&#8243; back_position=&#8221;center bottom&#8221; parallax=&#8221;yes&#8221; overlay_alpha=&#8221;35&#8243; gutter_size=&#8221;3&#8243; column_width_percent=&#8221;100&#8243; shift_y=&#8221;0&#8243; z_index=&#8221;0&#8243; top_divider=&#8221;gradient&#8221; content_parallax=&#8221;0&#8243; uncode_shortcode_id=&#8221;666453&#8243;][vc_column column_width_use_pixel=&#8221;yes&#8221; position_vertical=&#8221;bottom&#8221; align_horizontal=&#8221;align_center&#8221; gutter_size=&#8221;2&#8243; style=&#8221;dark&#8221; overlay_alpha=&#8221;50&#8243; shift_x=&#8221;0&#8243; shift_y=&#8221;0&#8243; shift_y_down=&#8221;0&#8243; z_index=&#8221;0&#8243; medium_width=&#8221;0&#8243; mobile_width=&#8221;0&#8243; width=&#8221;1\/1&#8243; column_width_pixel=&#8221;1100&#8243; uncode_shortcode_id=&#8221;374262&#8243;][vc_custom_heading text_size=&#8221;&#8221; text_transform=&#8221;uppercase&#8221; uncode_shortcode_id=&#8221;205060&#8243;]CasaClima<span data-huuid=\"912857787492006277\">\u00ae<\/span>[\/vc_custom_heading][vc_custom_heading heading_semantic=&#8221;h1&#8243; text_size=&#8221;h3&#8243; uncode_shortcode_id=&#8221;121392&#8243;]<\/p>\n<h4>Il nostro impegno per l&#8217;innovazione: La prima CasaClima\u00ae di Piacenza<\/h4>\n<p>[\/vc_custom_heading][\/vc_column][\/vc_row][vc_row row_height_percent=&#8221;0&#8243; override_padding=&#8221;yes&#8221; h_padding=&#8221;2&#8243; top_padding=&#8221;5&#8243; bottom_padding=&#8221;5&#8243; back_color=&#8221;color-lxmt&#8221; overlay_alpha=&#8221;50&#8243; equal_height=&#8221;yes&#8221; gutter_size=&#8221;4&#8243; column_width_percent=&#8221;100&#8243; shift_y=&#8221;0&#8243; z_index=&#8221;0&#8243; uncode_shortcode_id=&#8221;196549&#8243; back_color_type=&#8221;uncode-palette&#8221;][vc_column column_width_percent=&#8221;100&#8243; gutter_size=&#8221;2&#8243; override_padding=&#8221;yes&#8221; column_padding=&#8221;2&#8243; font_family=&#8221;font-846016&#8243; overlay_alpha=&#8221;50&#8243; border_style=&#8221;solid&#8221; preserve_border=&#8221;yes&#8221; preserve_border_tablet=&#8221;yes&#8221; shift_x=&#8221;0&#8243; shift_y=&#8221;0&#8243; shift_y_down=&#8221;0&#8243; z_index=&#8221;0&#8243; medium_width=&#8221;0&#8243; mobile_width=&#8221;0&#8243; width=&#8221;1\/3&#8243; css=&#8221;.vc_custom_1714637864422{border-left-width: 2px !important;padding-top: 0px !important;padding-right: 0px !important;padding-bottom: 0px !important;}&#8221; uncode_shortcode_id=&#8221;191019&#8243; border_color_type=&#8221;uncode-solid&#8221; border_color_solid=&#8221;#079b00&#8243;][vc_custom_heading text_color=&#8221;color-wvjs&#8221; heading_semantic=&#8221;h5&#8243; text_size=&#8221;fontsize-160000&#8243; text_transform=&#8221;uppercase&#8221; text_space=&#8221;fontspace-135905&#8243; uncode_shortcode_id=&#8221;535671&#8243; text_color_type=&#8221;uncode-palette&#8221;]7 motivi<\/p>\n<p>[\/vc_custom_heading][vc_custom_heading text_font=&#8221;font-846016&#8243; uncode_shortcode_id=&#8221;747794&#8243;]Perch\u00e8 scegliere CasaClima<span data-huuid=\"912857787492006277\">\u00ae<\/span><\/p>\n<p>&nbsp;<\/p>\n<p>[\/vc_custom_heading][vc_column_text uncode_shortcode_id=&#8221;581083&#8243;]\u00b7 Alto risparmio<br \/>\n\u00b7 Salute<br \/>\n\u00b7 Tutela dell\u2019ambiente e del clima<br \/>\n\u00b7 Consapevolezza energetica<br \/>\n\u00b7 Comfort<br \/>\n\u00b7 Stile architettonico curato<br \/>\n\u00b7 Notevole rivalutazione dell\u2019immobile<br \/>\n<strong>L\u2019Impresa Samuele Moglia \u00e8 in grado di costruire o ristrutturare la tua casa per renderla:<\/strong><br \/>\n<strong>\u00b7 Confortevole<\/strong><br \/>\n<strong>\u00b7 Parsimoniosa<\/strong><br \/>\n<strong>\u00b7 Salubre<\/strong><br \/>\n<strong>\u00b7 Silenziosa<\/strong>[\/vc_column_text][vc_single_image media=&#8221;138286&#8243; media_width_percent=&#8221;100&#8243; uncode_shortcode_id=&#8221;425811&#8243;][\/vc_column][vc_column column_width_percent=&#8221;100&#8243; gutter_size=&#8221;2&#8243; override_padding=&#8221;yes&#8221; column_padding=&#8221;2&#8243; font_family=&#8221;font-846016&#8243; overlay_alpha=&#8221;50&#8243; border_style=&#8221;solid&#8221; preserve_border=&#8221;yes&#8221; preserve_border_tablet=&#8221;yes&#8221; shift_x=&#8221;0&#8243; shift_y=&#8221;0&#8243; shift_y_down=&#8221;0&#8243; z_index=&#8221;0&#8243; medium_width=&#8221;0&#8243; mobile_width=&#8221;0&#8243; width=&#8221;1\/3&#8243; css=&#8221;.vc_custom_1714637875558{border-left-width: 2px !important;padding-top: 0px !important;padding-right: 0px !important;padding-bottom: 0px !important;}&#8221; uncode_shortcode_id=&#8221;188055&#8243; border_color_type=&#8221;uncode-solid&#8221; border_color_solid=&#8221;#079b00&#8243;][vc_custom_heading text_color=&#8221;color-wvjs&#8221; heading_semantic=&#8221;h5&#8243; text_size=&#8221;fontsize-160000&#8243; text_transform=&#8221;uppercase&#8221; text_space=&#8221;fontspace-135905&#8243; uncode_shortcode_id=&#8221;912346&#8243; text_color_type=&#8221;uncode-palette&#8221;]CasaClima<span data-huuid=\"912857787492006277\">\u00ae<\/span><\/p>\n<p>&nbsp;<\/p>\n<p>[\/vc_custom_heading][vc_custom_heading text_font=&#8221;font-846016&#8243; uncode_shortcode_id=&#8221;363975&#8243;]Cosa significa abitare in una CasaClima\u00ae<\/p>\n<p>[\/vc_custom_heading][vc_column_text uncode_shortcode_id=&#8221;124832&#8243;]Vivere in una casa certificata <b>CasaClima\u00ae<\/b> significa scegliere un comfort abitativo superiore unito a un notevole risparmio. Le spese per riscaldamento, raffrescamento e le emissioni di CO\u2082 vengono drasticamente ridotte, offrendoti un ambiente ideale in ogni stagione e un impatto minimo sull&#8217;ambiente.<\/p>\n<p>Questo risultato si ottiene attraverso una costruzione o una ristrutturazione che parte da un&#8217;attenta progettazione. L&#8217;involucro dell&#8217;edificio viene realizzato con un <b>isolamento impeccabile<\/b>, eliminando i ponti termici, ovvero le dispersioni di calore, dalla fondazione fino al tetto. Selezioniamo e installiamo finestre con prestazioni termiche eccellenti e, in ultimo ma non meno importante, installiamo <b>impianti moderni e calibrati<\/b> per garantirti il massimo comfort con il minimo consumo energetico.<\/p>\n<p>Il consumo energetico della casa viene calcolato con precisione fin dalla fase di progettazione da <b>Agenzia CasaClima\u00ae<\/b>, l&#8217;ente certificatore pi\u00f9 autorevole e indipendente del settore. L&#8217;Agenzia segue poi attentamente ogni fase della costruzione, effettuando sopralluoghi documentati con materiale fotografico, per assicurare che gli standard di qualit\u00e0 siano rispettati in ogni dettaglio.<\/p>\n<p>[\/vc_column_text][vc_single_image media=&#8221;139529&#8243; media_width_percent=&#8221;100&#8243; uncode_shortcode_id=&#8221;530949&#8243;][\/vc_column][vc_column column_width_percent=&#8221;100&#8243; gutter_size=&#8221;2&#8243; override_padding=&#8221;yes&#8221; column_padding=&#8221;2&#8243; font_family=&#8221;font-846016&#8243; overlay_alpha=&#8221;50&#8243; border_style=&#8221;solid&#8221; preserve_border=&#8221;yes&#8221; preserve_border_tablet=&#8221;yes&#8221; shift_x=&#8221;0&#8243; shift_y=&#8221;0&#8243; shift_y_down=&#8221;0&#8243; z_index=&#8221;0&#8243; medium_width=&#8221;0&#8243; mobile_width=&#8221;0&#8243; width=&#8221;1\/3&#8243; css=&#8221;.vc_custom_1714637886388{border-left-width: 2px !important;padding-top: 0px !important;padding-right: 0px !important;padding-bottom: 0px !important;}&#8221; uncode_shortcode_id=&#8221;711740&#8243; border_color_type=&#8221;uncode-solid&#8221; border_color_solid=&#8221;#079b00&#8243;][vc_custom_heading text_color=&#8221;color-wvjs&#8221; heading_semantic=&#8221;h5&#8243; text_size=&#8221;fontsize-160000&#8243; text_transform=&#8221;uppercase&#8221; text_space=&#8221;fontspace-135905&#8243; uncode_shortcode_id=&#8221;493758&#8243; text_color_type=&#8221;uncode-palette&#8221;]La garanzia<\/p>\n<p>[\/vc_custom_heading][vc_custom_heading text_font=&#8221;font-846016&#8243; uncode_shortcode_id=&#8221;190007&#8243;]Certificazione Collaudata<\/p>\n<p>[\/vc_custom_heading][vc_column_text uncode_shortcode_id=&#8221;165747&#8243;]Scegliere una certificazione <b>CasaClima\u00ae<\/b> significa affidarsi a un sistema di controllo rigoroso e indipendente, che va ben oltre la semplice valutazione &#8220;sulla carta&#8221;. A differenza di altre certificazioni che si basano su documentazione teorica fornita dal costruttore, la certificazione CasaClima\u00ae garantisce una qualit\u00e0 verificata sul campo.<\/p>\n<p>Per assicurare che la classe energetica dichiarata corrisponda a quella effettivamente raggiunta, l&#8217;ente certificatore si avvale di tecnici indipendenti che eseguono accurati test finali, tra cui il <b>Blowing Door Test<\/b>, per misurare la tenuta all&#8217;aria dell&#8217;edificio. In questo modo, la classe energetica assegnata \u00e8 quella che la tua casa si merita realmente, senza compromessi.<\/p>\n<p>Certificare il fabbisogno energetico della tua casa con CasaClima\u00ae ti permette di comprendere in modo chiaro e immediato quanta energia consuma e quanto inquina, basandosi su una scala di valori ben definita, prevista da una direttiva dell&#8217;Unione Europea. Questo sistema ti offre la certezza di un investimento in un&#8217;abitazione che non solo \u00e8 pi\u00f9 confortevole, ma che offre anche una performance energetica superiore e verificata. Come si pu\u00f2 vedere, una casa certificata CasaClima\u00ae in classe A supera di gran lunga la migliore classificazione regionale, a dimostrazione della sua eccellenza.[\/vc_column_text][vc_single_image media=&#8221;139530&#8243; media_width_percent=&#8221;100&#8243; uncode_shortcode_id=&#8221;170931&#8243;][\/vc_column][\/vc_row][vc_row row_height_percent=&#8221;0&#8243; override_padding=&#8221;yes&#8221; h_padding=&#8221;2&#8243; top_padding=&#8221;5&#8243; bottom_padding=&#8221;5&#8243; overlay_alpha=&#8221;50&#8243; gutter_size=&#8221;4&#8243; column_width_percent=&#8221;100&#8243; shift_y=&#8221;0&#8243; z_index=&#8221;0&#8243; uncode_shortcode_id=&#8221;490553&#8243; back_color_type=&#8221;uncode-solid&#8221; back_color_solid=&#8221;#079b00&#8243;][vc_column column_width_use_pixel=&#8221;yes&#8221; position_vertical=&#8221;middle&#8221; align_horizontal=&#8221;align_center&#8221; gutter_size=&#8221;3&#8243; style=&#8221;dark&#8221; overlay_alpha=&#8221;50&#8243; shift_x=&#8221;0&#8243; shift_y=&#8221;0&#8243; shift_y_down=&#8221;0&#8243; z_index=&#8221;0&#8243; medium_width=&#8221;0&#8243; mobile_width=&#8221;0&#8243; width=&#8221;1\/1&#8243; column_width_pixel=&#8221;1000&#8243; uncode_shortcode_id=&#8221;768203&#8243;][vc_custom_heading heading_semantic=&#8221;h4&#8243; text_font=&#8221;font-846016&#8243; text_size=&#8221;fontsize-155944&#8243; text_weight=&#8221;400&#8243; uncode_shortcode_id=&#8221;800092&#8243;]Impresa Edile Samuele Moglia: Pioniere dell&#8217;edilizia green in provincia di Piacenza<\/p>\n<p>Dal 2009, costruiamo case a basso consumo energetico: la tua casa ecologica in Emilia-Romagna &#8221;<\/p>\n<p>[\/vc_custom_heading][vc_column_text uncode_shortcode_id=&#8221;435449&#8243;]Da sempre, la nostra visione si basa sull&#8217;innovazione e sulla qualit\u00e0. Un impegno che si \u00e8 concretizzato nel 2009, quando abbiamo realizzato e inaugurato la prima casa certificata <b>CasaClima\u00ae<\/b> a Piacenza. Questo traguardo non \u00e8 stato solo una costruzione, ma un vero e proprio manifesto della nostra filosofia aziendale, volto a offrire ai nostri clienti abitazioni all&#8217;avanguardia in termini di <b>efficienza energetica e sostenibilit\u00e0<\/b>.<\/p>\n<p>Il nostro lavoro ha ottenuto un&#8217;ampia risonanza mediatica, con articoli su stampa e servizi televisivi locali, a conferma della sua importanza. Una foto delle fondamenta della nostra CasaClima\u00ae \u00e8 stata persino pubblicata sul prestigioso quotidiano <b>&#8220;Il Sole 24 ORE&#8221;<\/b>, un riconoscimento che ci riempie di orgoglio e che rafforza il nostro ruolo di pionieri nel costruire un futuro pi\u00f9 sostenibile e di qualit\u00e0.[\/vc_column_text][\/vc_column][\/vc_row][vc_row unlock_row_content=&#8221;yes&#8221; row_height_percent=&#8221;100&#8243; override_padding=&#8221;yes&#8221; h_padding=&#8221;0&#8243; top_padding=&#8221;0&#8243; bottom_padding=&#8221;0&#8243; overlay_alpha=&#8221;50&#8243; equal_height=&#8221;yes&#8221; gutter_size=&#8221;0&#8243; column_width_percent=&#8221;100&#8243; shift_y=&#8221;0&#8243; z_index=&#8221;0&#8243; content_parallax=&#8221;0&#8243; uncode_shortcode_id=&#8221;975757&#8243;][vc_column column_width_use_pixel=&#8221;yes&#8221; position_vertical=&#8221;middle&#8221; gutter_size=&#8221;3&#8243; override_padding=&#8221;yes&#8221; column_padding=&#8221;4&#8243; overlay_alpha=&#8221;50&#8243; shift_x=&#8221;0&#8243; shift_y=&#8221;0&#8243; shift_y_down=&#8221;0&#8243; z_index=&#8221;0&#8243; medium_visibility=&#8221;yes&#8221; medium_width=&#8221;0&#8243; mobile_visibility=&#8221;yes&#8221; mobile_width=&#8221;0&#8243; width=&#8221;1\/2&#8243; mobile_height=&#8221;360&#8243; column_width_pixel=&#8221;528&#8243; uncode_shortcode_id=&#8221;129538&#8243;][vc_custom_heading heading_semantic=&#8221;h3&#8243; text_size=&#8221;h1&#8243; uncode_shortcode_id=&#8221;418733&#8243;]COMPLESSO RESIDENZIALE<br \/>\n\u201cCORTE LIMPIDA\u201d &#8211; CROCETTA DI S. POLO<\/p>\n<p>[\/vc_custom_heading][vc_column_text text_lead=&#8221;yes&#8221; uncode_shortcode_id=&#8221;420527&#8243;]La nuova lottizzazione a <b>Crocetta di San Polo<\/b> \u00e8 il risultato di un&#8217;accurata selezione e di un progetto studiato per unire comfort, funzionalit\u00e0 e alta qualit\u00e0 costruttiva. La posizione \u00e8 stata scelta per offrire il meglio dei due mondi: la tranquillit\u00e0 di una zona residenziale immersa nel verde, a soli 5 km da Podenzano e 5 minuti da Piacenza, con la comodit\u00e0 dei servizi a portata di mano. L&#8217;area, ben collegata tramite bus e una pista ciclabile, dispone di farmacia, banca, scuole, e un centro sportivo.[\/vc_column_text][vc_gallery el_id=&#8221;gallery-130768&#8243; type=&#8221;carousel&#8221; medias=&#8221;138152,138151,138150,138149,138148,138147,138146&#8243; carousel_lg=&#8221;3&#8243; carousel_md=&#8221;3&#8243; carousel_sm=&#8221;1&#8243; thumb_size=&#8221;one-one&#8221; gutter_size=&#8221;3&#8243; carousel_interval=&#8221;3000&#8243; carousel_navspeed=&#8221;400&#8243; carousel_nav=&#8221;yes&#8221; stage_padding=&#8221;0&#8243; single_overlay_opacity=&#8221;50&#8243; single_padding=&#8221;2&#8243; uncode_shortcode_id=&#8221;629541&#8243;][vc_column_text text_lead=&#8221;yes&#8221; uncode_shortcode_id=&#8221;193729&#8243;]Il progetto, curato dall\u2019architetto Fausto Perini, unisce l\u2019estetica tradizionale piacentina alle moderne esigenze di risparmio energetico. Il risultato \u00e8 una lottizzazione composta da due fabbricati che offrono diverse soluzioni abitative, dalle villette con giardino agli appartamenti con terrazzo e soppalco.<\/p>\n<p>L\u2019accesso al complesso \u00e8 stato progettato per garantire sicurezza e funzionalit\u00e0. L\u2019ingresso pedonale \u00e8 separato da quello carrabile, che tramite un cancello automatizzato conduce a un\u2019ampia area interrata con garage e posti auto. Ogni unit\u00e0 abitativa dispone di una scala privata che collega direttamente all\u2019alloggio, offrendo riservatezza e comodit\u00e0.[\/vc_column_text][\/vc_column][vc_column column_width_percent=&#8221;100&#8243; gutter_size=&#8221;0&#8243; back_image=&#8221;138149&#8243; overlay_alpha=&#8221;50&#8243; shift_x=&#8221;0&#8243; shift_y=&#8221;0&#8243; shift_y_down=&#8221;0&#8243; z_index=&#8221;0&#8243; medium_width=&#8221;0&#8243; mobile_width=&#8221;0&#8243; width=&#8221;1\/2&#8243; uncode_shortcode_id=&#8221;209389&#8243;][\/vc_column][\/vc_row]<\/p>\n<\/div>","protected":false},"excerpt":{"rendered":"<p>[vc_row row_height_percent=&#8221;75&#8243; back_image=&#8221;138148&#8243; back_position=&#8221;center bottom&#8221; parallax=&#8221;yes&#8221; overlay_alpha=&#8221;35&#8243; gutter_size=&#8221;3&#8243; column_width_percent=&#8221;100&#8243; shift_y=&#8221;0&#8243; z_index=&#8221;0&#8243; top_divider=&#8221;gradient&#8221; content_parallax=&#8221;0&#8243; uncode_shortcode_id=&#8221;666453&#8243;][vc_column column_width_use_pixel=&#8221;yes&#8221; position_vertical=&#8221;bottom&#8221; align_horizontal=&#8221;align_center&#8221; gutter_size=&#8221;2&#8243; style=&#8221;dark&#8221; overlay_alpha=&#8221;50&#8243; [&hellip;]<\/p>\n","protected":false},"author":1,"featured_media":0,"parent":0,"menu_order":0,"comment_status":"closed","ping_status":"closed","template":"","meta":{"footnotes":""},"class_list":["post-88580","page","type-page","status-publish","hentry"],"_links":{"self":[{"href":"https:\/\/samuelemoglia.metacomunicazioneadv.it\/index.php?rest_route=\/wp\/v2\/pages\/88580","targetHints":{"allow":["GET"]}}],"collection":[{"href":"https:\/\/samuelemoglia.metacomunicazioneadv.it\/index.php?rest_route=\/wp\/v2\/pages"}],"about":[{"href":"https:\/\/samuelemoglia.metacomunicazioneadv.it\/index.php?rest_route=\/wp\/v2\/types\/page"}],"author":[{"embeddable":true,"href":"https:\/\/samuelemoglia.metacomunicazioneadv.it\/index.php?rest_route=\/wp\/v2\/users\/1"}],"replies":[{"embeddable":true,"href":"https:\/\/samuelemoglia.metacomunicazioneadv.it\/index.php?rest_route=%2Fwp%2Fv2%2Fcomments&post=88580"}],"version-history":[{"count":10,"href":"https:\/\/samuelemoglia.metacomunicazioneadv.it\/index.php?rest_route=\/wp\/v2\/pages\/88580\/revisions"}],"predecessor-version":[{"id":139806,"href":"https:\/\/samuelemoglia.metacomunicazioneadv.it\/index.php?rest_route=\/wp\/v2\/pages\/88580\/revisions\/139806"}],"wp:attachment":[{"href":"https:\/\/samuelemoglia.metacomunicazioneadv.it\/index.php?rest_route=%2Fwp%2Fv2%2Fmedia&parent=88580"}],"curies":[{"name":"wp","href":"https:\/\/api.w.org\/{rel}","templated":true}]}}